{"id":16,"date":"2018-02-26T08:51:24","date_gmt":"2018-02-26T08:51:24","guid":{"rendered":"http:\/\/10.44.205.152\/free-1\/mesmerize\/"},"modified":"2026-04-27T11:28:55","modified_gmt":"2026-04-27T09:28:55","slug":"mesmerize","status":"publish","type":"page","link":"https:\/\/ganzheitlichemd.bplaced.net\/","title":{"rendered":"Home"},"content":{"rendered":"<div  data-label=\"Portfolio\" data-id=\"portfolio--1\" data-export-id=\"portfolio-5\" data-category=\"portfolio\" class=\"portfolio-5 content-section content-section-spacing\" id=\"portfolio-1\" style=\"background-color: rgb(255, 255, 255);\"><div  class=\"gridContainer\"> <div  class=\"row text-center\"><div  class=\"section-title-col\" data-type=\"column\"> <h2  class=\"\">Unterst\u00fctzung f\u00fcr ihr Tier<\/h2> <p  class=\"lead\">Ich biete umfangreiche Ganzheitliche Beratung f\u00fcr verschiedene Tiere<\/p><\/div> <\/div> <div  class=\"row space-bottom spaced-cols\" data-type=\"row\">  <div  class=\"col-xs-12 col-sm-4 text-center\"> <div  class=\"card no-padding bordered\"> <div  data-hover-fx=\"portfolio-6\" class=\"contentswap-effect\"> <div  class=\"initial-image\"> <img  decoding=\"async\" data-size=\"500x333\" src=\"https:\/\/ganzheitlichemd.bplaced.net\/wp-content\/uploads\/2026\/04\/cropped-bru-no-dog-3388775-scaled-1.jpg\"><\/div> <div  class=\"overlay bg-color6\"><\/div> <div  class=\"swap-inner col-xs-12\"> <div  class=\"row full-height-row middle-xs middle-sm\"> <div  class=\"col-xs-12 text-center content-holder\"> <a  class=\"button small color2\" href=\"https:\/\/ganzheitlichemd.bplaced.net?page_id=373\" target=\"_self\" data-cp-link=\"1\">Tiertherapie f\u00fcr den Hund<\/a><\/div> <\/div><\/div> <\/div> <div  class=\"col-xs-12\"> <div  class=\"space-bottom space-top\" data-type=\"column\"> <h5  class=\"\">Ganzheitliche Tiertherapie f\u00fcr Hunde<\/h5> <p  class=\"small italic\">Ich biete eine gro\u00dfe Auswahl an Therapie Methoden f\u00fcr den Hund<\/p><\/div> <\/div><\/div> <\/div> <div  class=\"col-xs-12 col-sm-4 text-center\"> <div  class=\"card no-padding bordered\"> <div  data-hover-fx=\"portfolio-6\" class=\"contentswap-effect\"> <div  class=\"initial-image\"> <img  decoding=\"async\" data-size=\"500x333\" src=\"https:\/\/ganzheitlichemd.bplaced.net\/wp-content\/uploads\/2026\/04\/cropped-jggrz-cat-7448882-scaled-1.jpg\"><\/div> <div  class=\"overlay bg-color6\"><\/div> <div  class=\"swap-inner col-xs-12\"> <div  class=\"row full-height-row middle-xs middle-sm\"> <div  class=\"col-xs-12 text-center content-holder\"> <a  class=\"button small color2\" href=\"https:\/\/ganzheitlichemd.bplaced.net?page_id=371\" target=\"_self\" data-cp-link=\"1\">Tiertherapie f\u00fcr die Katze<\/a><\/div> <\/div><\/div> <\/div> <div  class=\"col-xs-12\"> <div  class=\"space-bottom space-top\" data-type=\"column\"> <h5  class=\"\">Ganzheitliche Tiertherapie f\u00fcr Katzen<\/h5> <p  class=\"small italic\">Ich biete eine gro\u00dfe Auswahl an Therapie Methoden f\u00fcr die Katze<\/p><\/div> <\/div><\/div> <\/div><div  class=\"col-xs-12 col-sm-4 text-center\"> <div  class=\"card no-padding bordered\"> <div  data-hover-fx=\"portfolio-6\" class=\"contentswap-effect\"> <div  class=\"initial-image\"> <img  decoding=\"async\" data-size=\"500x333\" src=\"https:\/\/ganzheitlichemd.bplaced.net\/wp-content\/uploads\/2026\/04\/as_photography-a-pair-of-horses-3237716-scaled.jpg\"><\/div> <div  class=\"overlay bg-color6\"><\/div> <div  class=\"swap-inner col-xs-12\"> <div  class=\"row full-height-row middle-xs middle-sm\"> <div  class=\"col-xs-12 text-center content-holder\"> <a  class=\"button small color2\" href=\"https:\/\/ganzheitlichemd.bplaced.net?page_id=369\" target=\"_self\" data-cp-link=\"1\">Tiertherapie f\u00fcr das Pferd<\/a><\/div> <\/div><\/div> <\/div> <div  class=\"col-xs-12\"> <div  class=\"space-bottom space-top\" data-type=\"column\"> <h5  class=\"\">Ganzheitliche Tiertherapie f\u00fcr Pferde<\/h5> <p  class=\"small italic\">Ich biete eine gro\u00dfe Auswahl an Therapie Methoden f\u00fcr das Pferd<\/p><\/div> <\/div><\/div> <\/div><\/div> <div  class=\"row\"><div  data-type=\"column\" class=\"col-xs-12 text-center\"> <\/div> <\/div><\/div> <\/div>","protected":false},"excerpt":{"rendered":"<p>Unterst\u00fctzung f\u00fcr ihr Tier Ich biete umfangreiche Ganzheitliche Beratung f\u00fcr verschiedene Tiere Tiertherapie f\u00fcr den Hund Ganzheitliche Tiertherapie f\u00fcr Hunde Ich biete eine gro\u00dfe Auswahl an Therapie Methoden f\u00fcr den Hund Tiertherapie f\u00fcr die Katze Ganzheitliche Tiertherapie f\u00fcr Katzen Ich biete eine gro\u00dfe Auswahl an Therapie Methoden f\u00fcr die Katze Tiertherapie f\u00fcr das Pferd Ganzheitliche&hellip; <br \/> <a class=\"read-more\" href=\"https:\/\/ganzheitlichemd.bplaced.net\/\">Weiterlesen<\/a><\/p>\n","protected":false},"author":1,"featured_media":0,"parent":0,"menu_order":0,"comment_status":"closed","ping_status":"closed","template":"page-templates\/homepage.php","meta":{"footnotes":""},"class_list":["post-16","page","type-page","status-publish","hentry"],"_links":{"self":[{"href":"https:\/\/ganzheitlichemd.bplaced.net\/index.php?rest_route=\/wp\/v2\/pages\/16","targetHints":{"allow":["GET"]}}],"collection":[{"href":"https:\/\/ganzheitlichemd.bplaced.net\/index.php?rest_route=\/wp\/v2\/pages"}],"about":[{"href":"https:\/\/ganzheitlichemd.bplaced.net\/index.php?rest_route=\/wp\/v2\/types\/page"}],"author":[{"embeddable":true,"href":"https:\/\/ganzheitlichemd.bplaced.net\/index.php?rest_route=\/wp\/v2\/users\/1"}],"replies":[{"embeddable":true,"href":"https:\/\/ganzheitlichemd.bplaced.net\/index.php?rest_route=%2Fwp%2Fv2%2Fcomments&post=16"}],"version-history":[{"count":7,"href":"https:\/\/ganzheitlichemd.bplaced.net\/index.php?rest_route=\/wp\/v2\/pages\/16\/revisions"}],"predecessor-version":[{"id":407,"href":"https:\/\/ganzheitlichemd.bplaced.net\/index.php?rest_route=\/wp\/v2\/pages\/16\/revisions\/407"}],"wp:attachment":[{"href":"https:\/\/ganzheitlichemd.bplaced.net\/index.php?rest_route=%2Fwp%2Fv2%2Fmedia&parent=16"}],"curies":[{"name":"wp","href":"https:\/\/api.w.org\/{rel}","templated":true}]}}