{"id":373,"date":"2026-04-26T20:05:52","date_gmt":"2026-04-26T18:05:52","guid":{"rendered":"https:\/\/ganzheitlichemd.bplaced.net\/?page_id=373"},"modified":"2026-04-27T18:52:10","modified_gmt":"2026-04-27T16:52:10","slug":"hund","status":"publish","type":"page","link":"https:\/\/ganzheitlichemd.bplaced.net\/?page_id=373","title":{"rendered":"\u00dcber mich"},"content":{"rendered":"<div class=\"wp-block-image\">\n<figure class=\"aligncenter size-large is-resized\"><img loading=\"lazy\" decoding=\"async\" width=\"984\" height=\"1024\" src=\"https:\/\/ganzheitlichemd.bplaced.net\/wp-content\/uploads\/2026\/04\/Foto-1-e1777292601529-984x1024.jpeg\" alt=\"\" class=\"wp-image-425\" style=\"aspect-ratio:0.9609437840736438;width:458px;height:auto\" srcset=\"https:\/\/ganzheitlichemd.bplaced.net\/wp-content\/uploads\/2026\/04\/Foto-1-e1777292601529-984x1024.jpeg 984w, https:\/\/ganzheitlichemd.bplaced.net\/wp-content\/uploads\/2026\/04\/Foto-1-e1777292601529-288x300.jpeg 288w, https:\/\/ganzheitlichemd.bplaced.net\/wp-content\/uploads\/2026\/04\/Foto-1-e1777292601529-768x799.jpeg 768w, https:\/\/ganzheitlichemd.bplaced.net\/wp-content\/uploads\/2026\/04\/Foto-1-e1777292601529.jpeg 1007w\" sizes=\"auto, (max-width: 984px) 100vw, 984px\" \/><\/figure>\n<\/div>\n\n\n<p>Mein Name ist Madleen Daniel und seit jeher sind Tiere ein fester Bestandteil meines Lebens. Ich bin mit ihnen gro\u00df geworden und habe schon fr\u00fch eine tiefe Verbindung zu ihnen entwickelt.<\/p>\n\n\n\n<p>Durch meine Arbeit in verschiedenen Reitst\u00e4llen wurde mir schnell bewusst, wie entscheidend die richtige F\u00fctterung f\u00fcr die Gesundheit und das Wohlbefinden von Pferden ist. Dieses wachsende Interesse hat mich dazu bewegt, eine Ausbildung zur Futterberaterin f\u00fcr Pferde zu absolvieren.<\/p>\n\n\n\n<p>Seit Ende 2023 begleitet mich meine Mini Australian Shepherd H\u00fcndin Ebby auf meinem Weg. Durch sie habe ich noch einmal auf ganz neue Weise erfahren, wie wichtig eine bedarfsgerechte und ausgewogene Ern\u00e4hrung auch bei Hunden ist.<\/p>\n\n\n\n<p>Aus diesem Grund habe ich mich entschieden, mein Wissen weiter zu vertiefen und zus\u00e4tzlich die Ausbildung zur Ern\u00e4hrungsberaterin f\u00fcr Hunde und Katzen zu absolvieren. Heute liegt genau hier der Schwerpunkt meiner Arbeit.<\/p>\n\n\n\n<p>In meiner Beratung betrachte ich jedes Tier individuell, denn jedes Tier hat seine eigenen Bed\u00fcrfnisse. Mein Ziel ist es, Tierhalter dabei zu unterst\u00fctzen, ihre Tiere optimal und artgerecht zu ern\u00e4hren \u2013 f\u00fcr mehr Gesundheit, Wohlbefinden und Lebensqualit\u00e4t.<\/p>\n\n\n\n<p>Langfristig ist es mein Ziel, mich stetig weiterzubilden und mein Wissen kontinuierlich zu erweitern. Ich m\u00f6chte Tiere ganzheitlich in verschiedenen Bereichen unterst\u00fctzen k\u00f6nnen \u2013 unter anderem in der Naturheilkunde, Physiotherapie und Osteopathie. So kann ich langfristig noch umfassender auf die individuellen Bed\u00fcrfnisse jedes Tieres eingehen.<\/p>\n\n\n\n<p><\/p>\n\n\n\n<p><\/p>\n\n\n\n<h2 class=\"wp-block-heading has-text-align-center\"><strong><em>Qualifikationen<\/em><\/strong><\/h2>\n\n\n\n<p>-05\/2022-08\/2022 Ausbildung Futtermittelberaterin f\u00fcr Pferde DeLSt<\/p>\n\n\n\n<p>-05\/2022 Webinar F\u00fctterung von Zuchtstuten und Fohlen FN<\/p>\n\n\n\n<p>-08\/2024-08\/2025 Ausbildung Tierern\u00e4hrungsberaterin f\u00fcr Hunde und Katzen sgd<\/p>\n\n\n\n<p>-08\/2024 Webinar Mykoplasmose beim Meerschweinchen vetwissen<\/p>\n\n\n\n<p>-03\/2026 Webinar Arthrose beim Hunde verstehen Provicell<\/p>\n\n\n\n<p>-03\/2026 Webinar Vitalpilze Provicell<\/p>\n\n\n\n<p>-04\/2026 Webinar vom Darmbefund zum passenden Therapieplan Provicell<\/p>\n\n\n\n<p>-04\/2026-&nbsp; &nbsp; &nbsp; Ausbildung Tierhom\u00f6opathie VETogether<\/p>\n\n\n\n<hr class=\"wp-block-separator has-alpha-channel-opacity\"\/>\n\n\n\n<div class=\"wp-block-columns is-layout-flex wp-container-core-columns-is-layout-9d6595d7 wp-block-columns-is-layout-flex\">\n<div class=\"wp-block-column is-layout-flow wp-block-column-is-layout-flow\">\n<figure class=\"wp-block-image size-large\"><img loading=\"lazy\" decoding=\"async\" width=\"723\" height=\"1024\" src=\"https:\/\/ganzheitlichemd.bplaced.net\/wp-content\/uploads\/2026\/04\/delst-zertifikat-723x1024.png\" alt=\"\" class=\"wp-image-429\" srcset=\"https:\/\/ganzheitlichemd.bplaced.net\/wp-content\/uploads\/2026\/04\/delst-zertifikat-723x1024.png 723w, https:\/\/ganzheitlichemd.bplaced.net\/wp-content\/uploads\/2026\/04\/delst-zertifikat-212x300.png 212w, https:\/\/ganzheitlichemd.bplaced.net\/wp-content\/uploads\/2026\/04\/delst-zertifikat-768x1088.png 768w, https:\/\/ganzheitlichemd.bplaced.net\/wp-content\/uploads\/2026\/04\/delst-zertifikat-1084x1536.png 1084w, https:\/\/ganzheitlichemd.bplaced.net\/wp-content\/uploads\/2026\/04\/delst-zertifikat-1024x1451.png 1024w, https:\/\/ganzheitlichemd.bplaced.net\/wp-content\/uploads\/2026\/04\/delst-zertifikat-762x1080.png 762w, https:\/\/ganzheitlichemd.bplaced.net\/wp-content\/uploads\/2026\/04\/delst-zertifikat.png 1353w\" sizes=\"auto, (max-width: 723px) 100vw, 723px\" \/><\/figure>\n<\/div>\n\n\n\n<div class=\"wp-block-column is-layout-flow wp-block-column-is-layout-flow\">\n<figure class=\"wp-block-image size-large\"><img loading=\"lazy\" decoding=\"async\" width=\"729\" height=\"1024\" src=\"https:\/\/ganzheitlichemd.bplaced.net\/wp-content\/uploads\/2026\/04\/sgd-zertifikat-729x1024.png\" alt=\"\" class=\"wp-image-430\" srcset=\"https:\/\/ganzheitlichemd.bplaced.net\/wp-content\/uploads\/2026\/04\/sgd-zertifikat-729x1024.png 729w, https:\/\/ganzheitlichemd.bplaced.net\/wp-content\/uploads\/2026\/04\/sgd-zertifikat-213x300.png 213w, https:\/\/ganzheitlichemd.bplaced.net\/wp-content\/uploads\/2026\/04\/sgd-zertifikat-768x1079.png 768w, https:\/\/ganzheitlichemd.bplaced.net\/wp-content\/uploads\/2026\/04\/sgd-zertifikat-1093x1536.png 1093w, https:\/\/ganzheitlichemd.bplaced.net\/wp-content\/uploads\/2026\/04\/sgd-zertifikat-1024x1439.png 1024w, https:\/\/ganzheitlichemd.bplaced.net\/wp-content\/uploads\/2026\/04\/sgd-zertifikat-769x1080.png 769w, https:\/\/ganzheitlichemd.bplaced.net\/wp-content\/uploads\/2026\/04\/sgd-zertifikat.png 1362w\" sizes=\"auto, (max-width: 729px) 100vw, 729px\" \/><\/figure>\n<\/div>\n<\/div>\n\n\n\n<figure class=\"wp-block-image size-large is-resized\"><img loading=\"lazy\" decoding=\"async\" width=\"720\" height=\"1024\" src=\"https:\/\/ganzheitlichemd.bplaced.net\/wp-content\/uploads\/2026\/04\/reiten-c-lizenz-720x1024.png\" alt=\"\" class=\"wp-image-431\" style=\"aspect-ratio:0.7031390134529149;width:458px;height:auto\" srcset=\"https:\/\/ganzheitlichemd.bplaced.net\/wp-content\/uploads\/2026\/04\/reiten-c-lizenz-720x1024.png 720w, https:\/\/ganzheitlichemd.bplaced.net\/wp-content\/uploads\/2026\/04\/reiten-c-lizenz-211x300.png 211w, https:\/\/ganzheitlichemd.bplaced.net\/wp-content\/uploads\/2026\/04\/reiten-c-lizenz-768x1093.png 768w, https:\/\/ganzheitlichemd.bplaced.net\/wp-content\/uploads\/2026\/04\/reiten-c-lizenz-1079x1536.png 1079w, https:\/\/ganzheitlichemd.bplaced.net\/wp-content\/uploads\/2026\/04\/reiten-c-lizenz-1024x1457.png 1024w, https:\/\/ganzheitlichemd.bplaced.net\/wp-content\/uploads\/2026\/04\/reiten-c-lizenz-759x1080.png 759w, https:\/\/ganzheitlichemd.bplaced.net\/wp-content\/uploads\/2026\/04\/reiten-c-lizenz.png 1354w\" sizes=\"auto, (max-width: 720px) 100vw, 720px\" \/><\/figure>\n\n\n\n<figure class=\"wp-block-image size-large\"><img loading=\"lazy\" decoding=\"async\" width=\"1024\" height=\"725\" src=\"https:\/\/ganzheitlichemd.bplaced.net\/wp-content\/uploads\/2026\/04\/mykoplasmose-1024x725.png\" alt=\"\" class=\"wp-image-432\" srcset=\"https:\/\/ganzheitlichemd.bplaced.net\/wp-content\/uploads\/2026\/04\/mykoplasmose-1024x725.png 1024w, https:\/\/ganzheitlichemd.bplaced.net\/wp-content\/uploads\/2026\/04\/mykoplasmose-300x212.png 300w, https:\/\/ganzheitlichemd.bplaced.net\/wp-content\/uploads\/2026\/04\/mykoplasmose-768x544.png 768w, https:\/\/ganzheitlichemd.bplaced.net\/wp-content\/uploads\/2026\/04\/mykoplasmose-1536x1087.png 1536w, https:\/\/ganzheitlichemd.bplaced.net\/wp-content\/uploads\/2026\/04\/mykoplasmose-1526x1080.png 1526w, https:\/\/ganzheitlichemd.bplaced.net\/wp-content\/uploads\/2026\/04\/mykoplasmose.png 1921w\" sizes=\"auto, (max-width: 1024px) 100vw, 1024px\" \/><\/figure>\n","protected":false},"excerpt":{"rendered":"<p>Mein Name ist Madleen Daniel und seit jeher sind Tiere ein fester Bestandteil meines Lebens. Ich bin mit ihnen gro\u00df geworden und habe schon fr\u00fch eine tiefe Verbindung zu ihnen entwickelt. Durch meine Arbeit in verschiedenen Reitst\u00e4llen wurde mir schnell bewusst, wie entscheidend die richtige F\u00fctterung f\u00fcr die Gesundheit und das Wohlbefinden von Pferden ist.&hellip; <br \/> <a class=\"read-more\" href=\"https:\/\/ganzheitlichemd.bplaced.net\/?page_id=373\">Weiterlesen<\/a><\/p>\n","protected":false},"author":1,"featured_media":0,"parent":0,"menu_order":0,"comment_status":"closed","ping_status":"closed","template":"","meta":{"footnotes":""},"class_list":["post-373","page","type-page","status-publish","hentry"],"featured_image_src":null,"_links":{"self":[{"href":"https:\/\/ganzheitlichemd.bplaced.net\/index.php?rest_route=\/wp\/v2\/pages\/373","targetHints":{"allow":["GET"]}}],"collection":[{"href":"https:\/\/ganzheitlichemd.bplaced.net\/index.php?rest_route=\/wp\/v2\/pages"}],"about":[{"href":"https:\/\/ganzheitlichemd.bplaced.net\/index.php?rest_route=\/wp\/v2\/types\/page"}],"author":[{"embeddable":true,"href":"https:\/\/ganzheitlichemd.bplaced.net\/index.php?rest_route=\/wp\/v2\/users\/1"}],"replies":[{"embeddable":true,"href":"https:\/\/ganzheitlichemd.bplaced.net\/index.php?rest_route=%2Fwp%2Fv2%2Fcomments&post=373"}],"version-history":[{"count":9,"href":"https:\/\/ganzheitlichemd.bplaced.net\/index.php?rest_route=\/wp\/v2\/pages\/373\/revisions"}],"predecessor-version":[{"id":456,"href":"https:\/\/ganzheitlichemd.bplaced.net\/index.php?rest_route=\/wp\/v2\/pages\/373\/revisions\/456"}],"wp:attachment":[{"href":"https:\/\/ganzheitlichemd.bplaced.net\/index.php?rest_route=%2Fwp%2Fv2%2Fmedia&parent=373"}],"curies":[{"name":"wp","href":"https:\/\/api.w.org\/{rel}","templated":true}]}}