{"id":405,"date":"2026-04-27T11:28:20","date_gmt":"2026-04-27T09:28:20","guid":{"rendered":"https:\/\/ganzheitlichemd.bplaced.net\/?page_id=405"},"modified":"2026-04-27T11:30:32","modified_gmt":"2026-04-27T09:30:32","slug":"impressum","status":"publish","type":"page","link":"https:\/\/ganzheitlichemd.bplaced.net\/?page_id=405","title":{"rendered":"Impressum"},"content":{"rendered":"<h2 id=\"mcetoc_1jn74d93s0\">Diensteanbieter<\/h2>\n<p>&nbsp;<\/p>\n<p><strong>\u201eKein Ausweis der Umsatzsteuer, da Kleinunternehmer nach \u00a7 19 UStG.\u201c<\/strong><\/p>\n<p>&nbsp;<\/p>\n<p>Madleen Daniel<\/p>\n<p>Tiertherapeutin<\/p>\n<p>Eckernf\u00f6rder Landstra\u00dfe 25<\/p>\n<p>24991 Freienwill<\/p>\n<p>Deutschland<\/p>\n<h2 id=\"mcetoc_1jn74d93s1\">Kontaktm\u00f6glichkeiten<\/h2>\n<p>E-Mail-Adresse:<span>\u00a0<\/span><a href=\"mailto:info@ganzheitlichetiertherapie.eu\">info@ganzheitlichetiertherapie.eu<\/a><\/p>\n<p>Telefon: +49\u00a01522 7159021<\/p>\n<h2 id=\"mcetoc_1jn74d93s2\">Streitschlichtung und Verbraucherstreitbeilegung<\/h2>\n<p>Die Europ\u00e4ische Kommission stellt eine Plattform zur Online-Streitbeilegung (OS) bereit, die Sie unter<span>\u00a0<\/span><a href=\"https:\/\/ec.europa.eu\/consumers\/odr\/\" target=\"_blank\" rel=\"noopener\">https:\/\/ec.europa.eu\/consumers\/odr\/<\/a><span>\u00a0<\/span>finden. Verbraucher haben die M\u00f6glichkeit, diese Plattform f\u00fcr die Beilegung ihrer Streitigkeiten zu nutzen.<\/p>\n<p>Wir sind nicht bereit und nicht verpflichtet an einem Streitbeilegungsverfahren vor einer Verbraucherstreitschlichtungsstelle teilzunehmen.<\/p>\n<p class=\"\"><a href=\"https:\/\/datenschutz-generator.de\/\" title=\"Rechtstext von Dr. Schwenke - f\u00fcr weitere Informationen bitte anklicken.\" target=\"_blank\" rel=\"noopener noreferrer nofollow\">Erstellt mit kostenlosem Datenschutz-Generator.de von Dr. Thomas Schwenke<\/a><\/p>\n","protected":false},"excerpt":{"rendered":"<p>Diensteanbieter &nbsp; \u201eKein Ausweis der Umsatzsteuer, da Kleinunternehmer nach \u00a7 19 UStG.\u201c &nbsp; Madleen Daniel Tiertherapeutin Eckernf\u00f6rder Landstra\u00dfe 25 24991 Freienwill Deutschland Kontaktm\u00f6glichkeiten E-Mail-Adresse:\u00a0info@ganzheitlichetiertherapie.eu Telefon: +49\u00a01522 7159021 Streitschlichtung und Verbraucherstreitbeilegung Die Europ\u00e4ische Kommission stellt eine Plattform zur Online-Streitbeilegung (OS) bereit, die Sie unter\u00a0https:\/\/ec.europa.eu\/consumers\/odr\/\u00a0finden. Verbraucher haben die M\u00f6glichkeit, diese Plattform f\u00fcr die Beilegung ihrer Streitigkeiten zu&hellip; <br \/> <a class=\"read-more\" href=\"https:\/\/ganzheitlichemd.bplaced.net\/?page_id=405\">Weiterlesen<\/a><\/p>\n","protected":false},"author":2,"featured_media":0,"parent":0,"menu_order":0,"comment_status":"closed","ping_status":"closed","template":"","meta":{"footnotes":""},"class_list":["post-405","page","type-page","status-publish","hentry"],"featured_image_src":null,"_links":{"self":[{"href":"https:\/\/ganzheitlichemd.bplaced.net\/index.php?rest_route=\/wp\/v2\/pages\/405","targetHints":{"allow":["GET"]}}],"collection":[{"href":"https:\/\/ganzheitlichemd.bplaced.net\/index.php?rest_route=\/wp\/v2\/pages"}],"about":[{"href":"https:\/\/ganzheitlichemd.bplaced.net\/index.php?rest_route=\/wp\/v2\/types\/page"}],"author":[{"embeddable":true,"href":"https:\/\/ganzheitlichemd.bplaced.net\/index.php?rest_route=\/wp\/v2\/users\/2"}],"replies":[{"embeddable":true,"href":"https:\/\/ganzheitlichemd.bplaced.net\/index.php?rest_route=%2Fwp%2Fv2%2Fcomments&post=405"}],"version-history":[{"count":2,"href":"https:\/\/ganzheitlichemd.bplaced.net\/index.php?rest_route=\/wp\/v2\/pages\/405\/revisions"}],"predecessor-version":[{"id":409,"href":"https:\/\/ganzheitlichemd.bplaced.net\/index.php?rest_route=\/wp\/v2\/pages\/405\/revisions\/409"}],"wp:attachment":[{"href":"https:\/\/ganzheitlichemd.bplaced.net\/index.php?rest_route=%2Fwp%2Fv2%2Fmedia&parent=405"}],"curies":[{"name":"wp","href":"https:\/\/api.w.org\/{rel}","templated":true}]}}